{"id":6897,"date":"2022-11-23T17:09:23","date_gmt":"2022-11-23T16:09:23","guid":{"rendered":"https:\/\/zaligaanzee.be\/padel-ferien-in-damme\/"},"modified":"2025-06-07T14:18:05","modified_gmt":"2025-06-07T12:18:05","slug":"citytrip-brugge-belgien-padelcamp","status":"publish","type":"page","link":"https:\/\/zaligaanzee.be\/de\/citytrip-brugge-belgien-padelcamp\/","title":{"rendered":"Citytrip Brugge mit Padelcamp"},"content":{"rendered":"\t\t<div data-elementor-type=\"wp-page\" data-elementor-id=\"6897\" class=\"elementor elementor-6897 elementor-2306\" data-elementor-post-type=\"page\">\n\t\t\t\t<div class=\"elementor-element elementor-element-a9ddd32 e-con-full e-flex e-con e-parent\" data-id=\"a9ddd32\" data-element_type=\"container\" data-e-type=\"container\" data-settings=\"{&quot;background_background&quot;:&quot;classic&quot;}\">\n\t\t\t\t<div class=\"elementor-element elementor-element-408db7a elementor-widget elementor-widget-heading\" data-id=\"408db7a\" data-element_type=\"widget\" data-e-type=\"widget\" data-widget_type=\"heading.default\">\n\t\t\t\t<div class=\"elementor-widget-container\">\n\t\t\t\t\t<h2 class=\"elementor-heading-title elementor-size-default\">Citytrip Br\u00fcgge mit Padelcamp<\/h2>\t\t\t\t<\/div>\n\t\t\t\t<\/div>\n\t\t\t\t<\/div>\n\t\t<div class=\"elementor-element elementor-element-c392c2f e-con-full zalig-section e-flex e-con e-parent\" data-id=\"c392c2f\" data-element_type=\"container\" data-e-type=\"container\" data-settings=\"{&quot;background_background&quot;:&quot;classic&quot;}\">\n\t\t\t\t<div class=\"elementor-element elementor-element-fba186c elementor-widget elementor-widget-text-editor\" data-id=\"fba186c\" data-element_type=\"widget\" data-e-type=\"widget\" data-widget_type=\"text-editor.default\">\n\t\t\t\t<div class=\"elementor-widget-container\">\n\t\t\t\t\t\t\t\t\t<h3><span style=\"color: #8d7e5f;\">Wollen Sie Padel (besser) spielen lernen? Warum nicht mit einem Citytrip nach Br\u00fcgge in Belgien kombinieren?&nbsp;<\/span><\/h3>\n<h4><span style=\"color: #8d7e5f;\">ZaligAanZee organisiert einen Citytrip nach Br\u00fcgge in Kombination mit einem sportlichen Padelcamp, w\u00e4hrend Sie in ihrem wundersch\u00f6nen Ferienhaus in Damme in der N\u00e4he von Br\u00fcgge \u00fcbernachten.&nbsp;&nbsp;<\/span><\/h4>\n<ul>\n<li><b>Padelcamp<\/b> sowohl f\u00fcr Anf\u00e4nger<span style=\"color: #8d7e5f; font-size: 16px; font-style: inherit; font-weight: inherit; font-family: Roboto; background-color: var( --e-global-color-secondary );\"> als auch f\u00fcr <\/span>Fortgeschrittene<span style=\"color: #8d7e5f; font-size: 16px; font-style: inherit; font-weight: inherit; font-family: Roboto; background-color: var( --e-global-color-secondary );\"> geeignet<\/span><\/li>\n<li><span style=\"color: #8d7e5f;\">Ideal f\u00fcr Gruppen von bis zu 10 Personen, sowohl Singles als auch Paare<\/span><\/li>\n<li><span style=\"color: #8d7e5f;\">3 Tage 3 Stunden Padelunterricht pro Tag im einem gem\u00fctlichen Padelclub 10 Minuten vom Ferienhaus entfernt<\/span><\/li>\n<li><span style=\"color: #8d7e5f;\">4 N\u00e4chte Aufenthalt im <a href=\"https:\/\/zaligaanzee.be\/de\/ferienhaus-damme-brugge-belgien-mieten-haringmarkt-7\/\" target=\"_blank\" rel=\"noopener\">Luxuri\u00f6sen Ferienhaus von ZaligAanZee in Damme<\/a> bei Br\u00fcgge&nbsp;<\/span><\/li>\n<li>Das Ferienhaus liegt am sch\u00f6nsten Platz von Damme, 15 minuten mit dem Fahrrad oder Auto von Br\u00fcgge entfernt und ist somit der perfekte Ausgangspunkt, um das malerische Br\u00fcgge, auch bekannt als das Venedig des Nordens, zu entdecken und zu besuchen<\/li>\n<li><span style=\"color: #8d7e5f;\">Leckere Restaurants gleich um die Ecke<\/span><\/li>\n<li><span style=\"color: #8d7e5f;\">Sch\u00f6ne Natur rund um Damme und Br\u00fcgge<\/span><\/li>\n<li><span style=\"color: #8d7e5f;\">Kombination mit anderen Aktivit\u00e4ten m\u00f6glich: Naturspaziergang, Fahrradtour, Boule, feines Essen, Vespafahrt, &#8230;<\/span><\/li>\n<\/ul>\n<div>\n<div>\n<p><span style=\"font-size: 18pt; color: #8d7e5f;\"><strong>Padelcamp<\/strong><\/span><\/p>\n<\/div>\n<\/div>\n<p><span style=\"color: #8d7e5f;\">Sie erhalten Padel-Unterricht von <strong><a style=\"color: #8d7e5f;\" href=\"http:\/\/www.attakpadel.be\/over-ons\" target=\"_blank\" rel=\"noreferrer noopener\">Vincent Dedecker<\/a>,<\/strong> zertifizierter Padel-Trainer und Lehrer f\u00fcr <b>Padelcamps<\/b> bei Tennis Vlaanderen, und seinem Team in der Attak Padel Academy. Vincent h\u00e4lt die P1000-Rangliste und ist als einer der besten Padel-Lehrer in Belgien bekannt.<\/span><\/p>\n<h4><span style=\"color: #8d7e5f;\">Preis Padelcamp &amp; Citytrip<\/span><\/h4>\n<figure>\n<table>\n<thead>\n<tr>\n<th><span style=\"color: #8d7e5f;\">Anzahl der Teilnehmer<\/span><\/th>\n<th data-align=\"center\"><span style=\"color: #8d7e5f;\">8 Personen<\/span><\/th>\n<th data-align=\"center\"><span style=\"color: #8d7e5f;\">10 Personen<\/span><\/th>\n<\/tr>\n<\/thead>\n<tbody>\n<tr>\n<td><span style=\"color: #8d7e5f;\">Preis pro Person<\/span><\/td>\n<td data-align=\"center\"><span style=\"color: #8d7e5f;\">675 \u20ac<\/span><\/td>\n<td data-align=\"center\"><span style=\"color: #8d7e5f;\">540 \u20ac<\/span><\/td>\n<\/tr>\n<\/tbody>\n<\/table>\n<\/figure>\n<ul>\n<li><span style=\"color: #8d7e5f;\">Eingeschlossen:<\/span>\n<ul>\n<li><span style=\"color: #8d7e5f;\">Ferienwohnungsvermietung (inkl. Bett- und Badw\u00e4sche, Endreinigung)<\/span><\/li>\n<li><span style=\"color: #8d7e5f;\">Padel Unterricht<\/span><\/li>\n<li><span style=\"color: #8d7e5f;\">Vermietung von Padelpl\u00e4tzen<\/span><\/li>\n<li><span style=\"color: #8d7e5f;\">6% Mehrwertsteuer<\/span><\/li>\n<li><span style=\"color: #8d7e5f;\">Kurtaxe pro Person und Nacht<\/span><\/li>\n<\/ul>\n<\/li>\n<li><span style=\"color: #8d7e5f;\">Nicht enthalten<\/span>\n<ul>\n<li><span style=\"color: #8d7e5f;\">400 \u20ac Kaution f\u00fcr das Ferienhaus. Der Betrag wird nach der <b>Padelcamp<\/b>&nbsp;zur\u00fcckerstattet.<\/span><\/li>\n<\/ul>\n<\/li>\n<\/ul>\n<p><span style=\"color: #8d7e5f;\">Genaue Preise auf Anfrage, abh\u00e4ngig von der Anzahl der Teilnehmer und Ihren spezifischen Anforderungen.<\/span><\/p>\n<p><span style=\"color: #8d7e5f;\">Wenn Sie es w\u00fcnschen, k\u00f6nnen wir Ihren Aufenthalt mit den folgenden Dienstleistungen noch angenehmer gestalten (Preise auf Anfrage):<\/span><\/p>\n<ul>\n<li><span style=\"color: #8d7e5f;\">Fr\u00fchst\u00fccksservice im Ferienhaus<\/span><\/li>\n<li>Getr\u00e4nke und Snacks im K\u00fchlschrank bei Ankunft<\/li>\n<li><span style=\"color: #8d7e5f;\">Alle Zutaten f\u00fcr die Zubereitung Ihrer eigenen Pizzen in unserem Pizzaofen<\/span><\/li>\n<li><span style=\"color: #8d7e5f;\">Verpflegung in der Ferienwohnung<\/span><\/li>\n<li><span style=\"color: #8d7e5f;\">Fahrradverleih<\/span><\/li>\n<li><span style=\"color: #8d7e5f;\">Romantische Bootsfahrt oder Pferdekutschenfahrt im sch\u00f6nen Brugge<\/span><\/li>\n<li><span style=\"color: #8d7e5f;\">Besuche der welber\u00fchmten Museen von Br\u00fcgge<\/span><\/li>\n<li><span style=\"color: #8d7e5f;\">Reservierungen f\u00fcr die leckersten Restaurants von Damme oder Br\u00fcgge<\/span><\/li>\n<li><span style=\"color: #8d7e5f;\">Gef\u00fchrte&nbsp;<a style=\"color: #8d7e5f;\" href=\"https:\/\/zaligaanzee.be\/de\/wanderungen-und-radtouren\/\"><strong>Naturwanderung oder Fahrradtour&nbsp;<\/strong><\/a><\/span><\/li>\n<li><span style=\"color: #8d7e5f;\"><a style=\"color: #8d7e5f;\" href=\"https:\/\/zaligaanzee.be\/de\/vespa-ausfluege\/\"><strong>Vespa-Reise&nbsp;<\/strong><\/a><\/span><\/li>\n<li>&#8230;<\/li>\n<\/ul>\n<h4><span style=\"color: #8d7e5f;\">Termine Padelcamp<\/span><\/h4>\n<p><span style=\"color: #8d7e5f;\">Das <b>Padelcamp<\/b> findet immer dienstags, mittwochs und donnerstags von 11 bis 14 Uhr statt. Der Aufenthalt dauert von Montag Nachmittag 17 Uhr bis Freitag Morgen 10 Uhr.<\/span><\/p>\n<p><span style=\"color: #8d7e5f;\">Padelcamps werden in den Monaten M\u00e4rz, April (au\u00dferhalb der Osterferien), Mai, Juni, September und Oktober angeboten.<\/span><\/p>\n<p><span style=\"color: #8d7e5f;\">Klicken Sie auf den Link f\u00fcr weitere Informationen und Bilder zu unserem <a href=\"https:\/\/zaligaanzee.be\/de\/ferienhaus-damme-brugge-belgien-mieten-haringmarkt-7\/\" target=\"_blank\" rel=\"noopener\">Ferienhaus in Damme<\/a>.<\/span><\/p>\n<p><span style=\"color: #8d7e5f;\">F\u00fcr Informationen oder Buchungen senden Sie eine E-Mail an <a style=\"color: #8d7e5f;\" href=\"mailto:stefaan.van.dyck@gmail.com\" target=\"_blank\" rel=\"noreferrer noopener\">stefaan.van.dyck@gmail.com<\/a> oder rufen Sie uns unter 0475 650 999 an, wir organisieren Ihren <b>Citytrip&nbsp;Brugge<\/b> mit <b>Padelcamp<\/b> in der von Ihnen gew\u00fcnschten Woche.<\/span><\/p>\t\t\t\t\t\t\t\t<\/div>\n\t\t\t\t<\/div>\n\t\t\t\t<\/div>\n\t\t<div class=\"elementor-element elementor-element-014235c zalig-section no-top-padding e-flex e-con-boxed e-con e-parent\" data-id=\"014235c\" data-element_type=\"container\" data-e-type=\"container\" data-settings=\"{&quot;background_background&quot;:&quot;classic&quot;}\">\n\t\t\t\t\t<div class=\"e-con-inner\">\n\t\t\t\t<div class=\"elementor-element elementor-element-4159f02 elementor-widget elementor-widget-image\" data-id=\"4159f02\" data-element_type=\"widget\" data-e-type=\"widget\" data-widget_type=\"image.default\">\n\t\t\t\t<div class=\"elementor-widget-container\">\n\t\t\t\t\t\t\t\t\t\t\t\t\t\t\t<img fetchpriority=\"high\" decoding=\"async\" width=\"800\" height=\"450\" src=\"https:\/\/zaligaanzee.be\/wp-content\/uploads\/2024\/08\/Padelvakantie-Damme-brugge-by-ZaligAanZee-1024x576.webp\" class=\"attachment-large size-large wp-image-16710\" alt=\"Padelvakantie Damme Brugge by ZaligAanZee\" srcset=\"https:\/\/zaligaanzee.be\/wp-content\/uploads\/2024\/08\/Padelvakantie-Damme-brugge-by-ZaligAanZee-1024x576.webp 1024w, https:\/\/zaligaanzee.be\/wp-content\/uploads\/2024\/08\/Padelvakantie-Damme-brugge-by-ZaligAanZee-300x169.webp 300w, https:\/\/zaligaanzee.be\/wp-content\/uploads\/2024\/08\/Padelvakantie-Damme-brugge-by-ZaligAanZee-768x432.webp 768w, https:\/\/zaligaanzee.be\/wp-content\/uploads\/2024\/08\/Padelvakantie-Damme-brugge-by-ZaligAanZee.webp 1280w\" sizes=\"(max-width: 800px) 100vw, 800px\" \/>\t\t\t\t\t\t\t\t\t\t\t\t\t\t\t<\/div>\n\t\t\t\t<\/div>\n\t\t\t\t\t<\/div>\n\t\t\t\t<\/div>\n\t\t\t\t<\/div>\n\t\t","protected":false},"excerpt":{"rendered":"<p>Citytrip Br\u00fcgge mit Padelcamp Wollen Sie Padel (besser) spielen lernen? Warum nicht mit einem Citytrip nach Br\u00fcgge in Belgien kombinieren?&nbsp; ZaligAanZee organisiert einen Citytrip nach Br\u00fcgge in Kombination mit einem sportlichen Padelcamp, w\u00e4hrend Sie in ihrem wundersch\u00f6nen Ferienhaus in Damme in der N\u00e4he von Br\u00fcgge \u00fcbernachten.&nbsp;&nbsp; Padelcamp sowohl f\u00fcr Anf\u00e4nger als auch f\u00fcr Fortgeschrittene geeignet [&hellip;]<\/p>\n","protected":false},"author":226237175,"featured_media":13454,"parent":0,"menu_order":0,"comment_status":"closed","ping_status":"closed","template":"","meta":{"_monsterinsights_skip_tracking":false,"_monsterinsights_sitenote_active":false,"_monsterinsights_sitenote_note":"","_monsterinsights_sitenote_category":0,"footnotes":""},"soort":[6484],"class_list":["post-6897","page","type-page","status-publish","has-post-thumbnail","hentry","soort-aktive-ferien"],"yoast_head":"<!-- This site is optimized with the Yoast SEO plugin v27.5 - https:\/\/yoast.com\/product\/yoast-seo-wordpress\/ -->\n<title>Citytrip nach Br\u00fcgge in Belgien mit Padelcamp | ZaligAanZee.be<\/title>\n<meta name=\"description\" content=\"M\u00f6chten Sie Padel spielen lernen? ZaligAanZee arrangiert einen Citytrip nach Br\u00fcgge mit Padelcamp und Unterkunft in einem Luxusferienhaus.\" \/>\n<meta name=\"robots\" content=\"index, follow, max-snippet:-1, max-image-preview:large, max-video-preview:-1\" \/>\n<link rel=\"canonical\" href=\"https:\/\/zaligaanzee.be\/padelstage-damme-brugge-belgie\/\" \/>\n<meta property=\"og:locale\" content=\"de_DE\" \/>\n<meta property=\"og:type\" content=\"article\" \/>\n<meta property=\"og:title\" content=\"Citytrip nach Br\u00fcgge in Belgien mit Padelcamp | ZaligAanZee.be\" \/>\n<meta property=\"og:description\" content=\"M\u00f6chten Sie Padel spielen lernen? ZaligAanZee arrangiert einen Citytrip nach Br\u00fcgge mit Padelcamp und Unterkunft in einem Luxusferienhaus.\" \/>\n<meta property=\"og:url\" content=\"https:\/\/zaligaanzee.be\/padelstage-damme-brugge-belgie\/\" \/>\n<meta property=\"og:site_name\" content=\"ZaligAanZee\" \/>\n<meta property=\"article:modified_time\" content=\"2025-06-07T12:18:05+00:00\" \/>\n<meta property=\"og:image\" content=\"https:\/\/zaligaanzee.be\/wp-content\/uploads\/2024\/04\/padel-met-de-fiets2.jpg\" \/>\n\t<meta property=\"og:image:width\" content=\"1136\" \/>\n\t<meta property=\"og:image:height\" content=\"1424\" \/>\n\t<meta property=\"og:image:type\" content=\"image\/jpeg\" \/>\n<meta name=\"twitter:card\" content=\"summary_large_image\" \/>\n<meta name=\"twitter:label1\" content=\"Gesch\u00e4tzte Lesezeit\" \/>\n\t<meta name=\"twitter:data1\" content=\"3\u00a0Minuten\" \/>\n<script type=\"application\/ld+json\" class=\"yoast-schema-graph\">{\"@context\":\"https:\\\/\\\/schema.org\",\"@graph\":[{\"@type\":\"WebPage\",\"@id\":\"https:\\\/\\\/zaligaanzee.be\\\/padelstage-damme-brugge-belgie\\\/\",\"url\":\"https:\\\/\\\/zaligaanzee.be\\\/padelstage-damme-brugge-belgie\\\/\",\"name\":\"Citytrip nach Br\u00fcgge in Belgien mit Padelcamp | ZaligAanZee.be\",\"isPartOf\":{\"@id\":\"https:\\\/\\\/zaligaanzee.be\\\/#website\"},\"primaryImageOfPage\":{\"@id\":\"https:\\\/\\\/zaligaanzee.be\\\/padelstage-damme-brugge-belgie\\\/#primaryimage\"},\"image\":{\"@id\":\"https:\\\/\\\/zaligaanzee.be\\\/padelstage-damme-brugge-belgie\\\/#primaryimage\"},\"thumbnailUrl\":\"https:\\\/\\\/zaligaanzee.be\\\/wp-content\\\/uploads\\\/2024\\\/04\\\/padel-met-de-fiets2.jpg\",\"datePublished\":\"2022-11-23T16:09:23+00:00\",\"dateModified\":\"2025-06-07T12:18:05+00:00\",\"description\":\"M\u00f6chten Sie Padel spielen lernen? ZaligAanZee arrangiert einen Citytrip nach Br\u00fcgge mit Padelcamp und Unterkunft in einem Luxusferienhaus.\",\"breadcrumb\":{\"@id\":\"https:\\\/\\\/zaligaanzee.be\\\/padelstage-damme-brugge-belgie\\\/#breadcrumb\"},\"inLanguage\":\"de\",\"potentialAction\":[{\"@type\":\"ReadAction\",\"target\":[\"https:\\\/\\\/zaligaanzee.be\\\/padelstage-damme-brugge-belgie\\\/\"]}]},{\"@type\":\"ImageObject\",\"inLanguage\":\"de\",\"@id\":\"https:\\\/\\\/zaligaanzee.be\\\/padelstage-damme-brugge-belgie\\\/#primaryimage\",\"url\":\"https:\\\/\\\/zaligaanzee.be\\\/wp-content\\\/uploads\\\/2024\\\/04\\\/padel-met-de-fiets2.jpg\",\"contentUrl\":\"https:\\\/\\\/zaligaanzee.be\\\/wp-content\\\/uploads\\\/2024\\\/04\\\/padel-met-de-fiets2.jpg\",\"width\":1136,\"height\":1424,\"caption\":\"Citytrip nach Br\u00fcgge in Belgien mit Padelcamp\"},{\"@type\":\"BreadcrumbList\",\"@id\":\"https:\\\/\\\/zaligaanzee.be\\\/padelstage-damme-brugge-belgie\\\/#breadcrumb\",\"itemListElement\":[{\"@type\":\"ListItem\",\"position\":1,\"name\":\"Home\",\"item\":\"https:\\\/\\\/zaligaanzee.be\\\/de\\\/\"},{\"@type\":\"ListItem\",\"position\":2,\"name\":\"Citytrip Brugge mit Padelcamp\"}]},{\"@type\":\"WebSite\",\"@id\":\"https:\\\/\\\/zaligaanzee.be\\\/#website\",\"url\":\"https:\\\/\\\/zaligaanzee.be\\\/\",\"name\":\"ZaligAanZee\",\"description\":\"Boutique Holiday Homes in Blankenberge | Damme | Knokke-Heist\",\"publisher\":{\"@id\":\"https:\\\/\\\/zaligaanzee.be\\\/#organization\"},\"potentialAction\":[{\"@type\":\"SearchAction\",\"target\":{\"@type\":\"EntryPoint\",\"urlTemplate\":\"https:\\\/\\\/zaligaanzee.be\\\/?s={search_term_string}\"},\"query-input\":{\"@type\":\"PropertyValueSpecification\",\"valueRequired\":true,\"valueName\":\"search_term_string\"}}],\"inLanguage\":\"de\"},{\"@type\":\"Organization\",\"@id\":\"https:\\\/\\\/zaligaanzee.be\\\/#organization\",\"name\":\"ZaligAanZee\",\"url\":\"https:\\\/\\\/zaligaanzee.be\\\/\",\"logo\":{\"@type\":\"ImageObject\",\"inLanguage\":\"de\",\"@id\":\"https:\\\/\\\/zaligaanzee.be\\\/#\\\/schema\\\/logo\\\/image\\\/\",\"url\":\"https:\\\/\\\/zaligaanzee.be\\\/wp-content\\\/uploads\\\/2021\\\/08\\\/logo4.png\",\"contentUrl\":\"https:\\\/\\\/zaligaanzee.be\\\/wp-content\\\/uploads\\\/2021\\\/08\\\/logo4.png\",\"width\":283,\"height\":109,\"caption\":\"ZaligAanZee\"},\"image\":{\"@id\":\"https:\\\/\\\/zaligaanzee.be\\\/#\\\/schema\\\/logo\\\/image\\\/\"}}]}<\/script>\n<!-- \/ Yoast SEO plugin. -->","yoast_head_json":{"title":"Citytrip nach Br\u00fcgge in Belgien mit Padelcamp | ZaligAanZee.be","description":"M\u00f6chten Sie Padel spielen lernen? ZaligAanZee arrangiert einen Citytrip nach Br\u00fcgge mit Padelcamp und Unterkunft in einem Luxusferienhaus.","robots":{"index":"index","follow":"follow","max-snippet":"max-snippet:-1","max-image-preview":"max-image-preview:large","max-video-preview":"max-video-preview:-1"},"canonical":"https:\/\/zaligaanzee.be\/padelstage-damme-brugge-belgie\/","og_locale":"de_DE","og_type":"article","og_title":"Citytrip nach Br\u00fcgge in Belgien mit Padelcamp | ZaligAanZee.be","og_description":"M\u00f6chten Sie Padel spielen lernen? ZaligAanZee arrangiert einen Citytrip nach Br\u00fcgge mit Padelcamp und Unterkunft in einem Luxusferienhaus.","og_url":"https:\/\/zaligaanzee.be\/padelstage-damme-brugge-belgie\/","og_site_name":"ZaligAanZee","article_modified_time":"2025-06-07T12:18:05+00:00","og_image":[{"width":1136,"height":1424,"url":"https:\/\/zaligaanzee.be\/wp-content\/uploads\/2024\/04\/padel-met-de-fiets2.jpg","type":"image\/jpeg"}],"twitter_card":"summary_large_image","twitter_misc":{"Gesch\u00e4tzte Lesezeit":"3\u00a0Minuten"},"schema":{"@context":"https:\/\/schema.org","@graph":[{"@type":"WebPage","@id":"https:\/\/zaligaanzee.be\/padelstage-damme-brugge-belgie\/","url":"https:\/\/zaligaanzee.be\/padelstage-damme-brugge-belgie\/","name":"Citytrip nach Br\u00fcgge in Belgien mit Padelcamp | ZaligAanZee.be","isPartOf":{"@id":"https:\/\/zaligaanzee.be\/#website"},"primaryImageOfPage":{"@id":"https:\/\/zaligaanzee.be\/padelstage-damme-brugge-belgie\/#primaryimage"},"image":{"@id":"https:\/\/zaligaanzee.be\/padelstage-damme-brugge-belgie\/#primaryimage"},"thumbnailUrl":"https:\/\/zaligaanzee.be\/wp-content\/uploads\/2024\/04\/padel-met-de-fiets2.jpg","datePublished":"2022-11-23T16:09:23+00:00","dateModified":"2025-06-07T12:18:05+00:00","description":"M\u00f6chten Sie Padel spielen lernen? ZaligAanZee arrangiert einen Citytrip nach Br\u00fcgge mit Padelcamp und Unterkunft in einem Luxusferienhaus.","breadcrumb":{"@id":"https:\/\/zaligaanzee.be\/padelstage-damme-brugge-belgie\/#breadcrumb"},"inLanguage":"de","potentialAction":[{"@type":"ReadAction","target":["https:\/\/zaligaanzee.be\/padelstage-damme-brugge-belgie\/"]}]},{"@type":"ImageObject","inLanguage":"de","@id":"https:\/\/zaligaanzee.be\/padelstage-damme-brugge-belgie\/#primaryimage","url":"https:\/\/zaligaanzee.be\/wp-content\/uploads\/2024\/04\/padel-met-de-fiets2.jpg","contentUrl":"https:\/\/zaligaanzee.be\/wp-content\/uploads\/2024\/04\/padel-met-de-fiets2.jpg","width":1136,"height":1424,"caption":"Citytrip nach Br\u00fcgge in Belgien mit Padelcamp"},{"@type":"BreadcrumbList","@id":"https:\/\/zaligaanzee.be\/padelstage-damme-brugge-belgie\/#breadcrumb","itemListElement":[{"@type":"ListItem","position":1,"name":"Home","item":"https:\/\/zaligaanzee.be\/de\/"},{"@type":"ListItem","position":2,"name":"Citytrip Brugge mit Padelcamp"}]},{"@type":"WebSite","@id":"https:\/\/zaligaanzee.be\/#website","url":"https:\/\/zaligaanzee.be\/","name":"ZaligAanZee","description":"Boutique Holiday Homes in Blankenberge | Damme | Knokke-Heist","publisher":{"@id":"https:\/\/zaligaanzee.be\/#organization"},"potentialAction":[{"@type":"SearchAction","target":{"@type":"EntryPoint","urlTemplate":"https:\/\/zaligaanzee.be\/?s={search_term_string}"},"query-input":{"@type":"PropertyValueSpecification","valueRequired":true,"valueName":"search_term_string"}}],"inLanguage":"de"},{"@type":"Organization","@id":"https:\/\/zaligaanzee.be\/#organization","name":"ZaligAanZee","url":"https:\/\/zaligaanzee.be\/","logo":{"@type":"ImageObject","inLanguage":"de","@id":"https:\/\/zaligaanzee.be\/#\/schema\/logo\/image\/","url":"https:\/\/zaligaanzee.be\/wp-content\/uploads\/2021\/08\/logo4.png","contentUrl":"https:\/\/zaligaanzee.be\/wp-content\/uploads\/2021\/08\/logo4.png","width":283,"height":109,"caption":"ZaligAanZee"},"image":{"@id":"https:\/\/zaligaanzee.be\/#\/schema\/logo\/image\/"}}]}},"_links":{"self":[{"href":"https:\/\/zaligaanzee.be\/de\/wp-json\/wp\/v2\/pages\/6897","targetHints":{"allow":["GET"]}}],"collection":[{"href":"https:\/\/zaligaanzee.be\/de\/wp-json\/wp\/v2\/pages"}],"about":[{"href":"https:\/\/zaligaanzee.be\/de\/wp-json\/wp\/v2\/types\/page"}],"author":[{"embeddable":true,"href":"https:\/\/zaligaanzee.be\/de\/wp-json\/wp\/v2\/users\/226237175"}],"replies":[{"embeddable":true,"href":"https:\/\/zaligaanzee.be\/de\/wp-json\/wp\/v2\/comments?post=6897"}],"version-history":[{"count":11,"href":"https:\/\/zaligaanzee.be\/de\/wp-json\/wp\/v2\/pages\/6897\/revisions"}],"predecessor-version":[{"id":23203,"href":"https:\/\/zaligaanzee.be\/de\/wp-json\/wp\/v2\/pages\/6897\/revisions\/23203"}],"wp:featuredmedia":[{"embeddable":true,"href":"https:\/\/zaligaanzee.be\/de\/wp-json\/wp\/v2\/media\/13454"}],"wp:attachment":[{"href":"https:\/\/zaligaanzee.be\/de\/wp-json\/wp\/v2\/media?parent=6897"}],"wp:term":[{"taxonomy":"soort","embeddable":true,"href":"https:\/\/zaligaanzee.be\/de\/wp-json\/wp\/v2\/soort?post=6897"}],"curies":[{"name":"wp","href":"https:\/\/api.w.org\/{rel}","templated":true}]}}